{"id":3,"date":"2022-06-27T15:13:50","date_gmt":"2022-06-27T15:13:50","guid":{"rendered":"https:\/\/texasparatodos.wpengine.com\/?page_id=3"},"modified":"2024-07-02T03:40:29","modified_gmt":"2024-07-02T03:40:29","slug":"privacy-policy","status":"publish","type":"page","link":"https:\/\/portexasparatodos.org\/es\/privacy-policy\/","title":{"rendered":"Pol\u00edtica de privacidad"},"content":{"rendered":"<div class=\"wp-block-genesis-blocks-gb-container regular-container gb-block-container\"><div class=\"gb-container-inside\"><div class=\"gb-container-content\">\n<h2 class=\"wp-block-heading\">Pol\u00edtica de privacidad<\/h2>\n\n\n\n<p>Ultima actualizaci\u00f3n: 10 de junio de 2022<\/p>\n\n\n\n<p>Esta Pol\u00edtica de Privacidad describe Nuestras pol\u00edticas y procedimientos en la recaudaci\u00f3n, uso y confidencialidad de Su informaci\u00f3n cuando Usted usa los Servicios y le informa acerca de sus derechos de privacidad y de c\u00f3mo la ley le protege.<\/p>\n\n\n\n<p class=\"translation-block\">Nosotros utilizamos Su informaci\u00f3n Personal para proporcionar y mejorar el Servicio. Al usar el Servicio, Usted est\u00e1 de acuerdo con la recaudaci\u00f3n y el uso de la informaci\u00f3n descrita en esta Pol\u00edtica de Privacidad. Esta Pol\u00edtica de Privacidad ha sido creada con la ayuda del <a href=\"https:\/\/www.freeprivacypolicy.com\/free-privacy-policy-generator\/\" target=\"_self\">Generador Gratuito de Pol\u00edtica de Privacidad<\/a>.<\/p>\n\n\n\n<h2 class=\"wp-block-heading\">Interpretaciones y Definiciones<\/h2>\n\n\n\n<h3 class=\"wp-block-heading\"><strong>Interpretaci\u00f3n<\/strong><\/h3>\n\n\n\n<p>Las palabras cuya letra inicial est\u00e1 en may\u00fasculas tienen significados definidos bajo las siguientes condiciones. Las siguientes definiciones deber\u00e1n tener el mismo significado, sin importar si aparecen en singular o en plural<\/p>\n\n\n\n<h3 class=\"wp-block-heading\"><strong>Definiciones<\/strong><\/h3>\n\n\n\n<p>Para los fines de esta Pol\u00edtica de Privacidad:<\/p>\n\n\n\n<p><strong>Cuenta<\/strong> significa una cuenta \u00fanica creada por Usted para tener acceso a nuestro Servicio o a partes de nuestro Servicio.<\/p>\n\n\n\n<p><strong>Compa\u00f1\u00eda<\/strong> (referido como \"la Compa\u00f1\u00eda\", \"Nosotros\", \"a Nosotros\" o \"Nuestro\" en este Acuerdo) se refiere a Por Texas, Para Todos.<\/p>\n\n\n\n<p><strong>Cookies<\/strong> son peque\u00f1os archivos que un sitio de Internet coloca en Su computadora, dispositivo m\u00f3vil o en cualquier otro dispositivo, conteniendo los detalles de Su historial de b\u00fasqueda en el sitio de Internet, entre sus muchos usos.<\/p>\n\n\n\n<p><strong>Pa\u00eds<\/strong> se refiere a: Texas, Estados Unidos<\/p>\n\n\n\n<p><strong>Dispositivo<\/strong> significa cualquier dispositivo, aparato o equipo que pueda acceder al Servicio, como una computadora, un tel\u00e9fono celular o una tableta digital.<\/p>\n\n\n\n<p><strong>Datos Personales<\/strong> es cualquier informaci\u00f3n que se relacione con un individuo identificable o no identificable.<\/p>\n\n\n\n<p><strong>Servicio<\/strong> se refiere al Sitio de Internet.<\/p>\n\n\n\n<p><strong>Proveedor de servicio<\/strong> es cualquier persona natural o legal que procese la informaci\u00f3n en nombre de la Compa\u00f1\u00eda. Se refiere a individuos o compa\u00f1\u00edas de terceros empleados por la Compa\u00f1\u00eda para facilitar el Servicio, para proporcionar el Servicio en nombre de la Compa\u00f1\u00eda, para realizar servicios relacionados al Servicio o ayudar a la Compa\u00f1\u00eda para analizar c\u00f3mo se usa el Servicio.<\/p>\n\n\n\n<p><strong>Datos de Uso<\/strong> se refiere a los datos recaudados autom\u00e1ticamente, ya sean generados por el uso del Servicio o por la misma infraestructura del Servicio (por ejemplo, la duraci\u00f3n de una visita a una p\u00e1gina).<\/p>\n\n\n\n<p><strong>Sitio de Internet<\/strong> se refiere a Por Texas, Para Todos, accesible desde <a href=\"https:\/\/www.por-texas-para-todos.local\">https:\/\/www.por-texas-para-todos.local<\/a><\/p>\n\n\n\n<p><strong>Usted<\/strong> quiere decir, el individuo que accede o usa el Servicio, o la compa\u00f1\u00eda, u otra entidad legal en nombre de la cual, dicho individuo est\u00e1 accediendo o usando el Servicio, seg\u00fan corresponda.<\/p>\n\n\n\n<h2 class=\"wp-block-heading\">Recaudaci\u00f3n y Uso de sus Datos Personales<\/h2>\n\n\n\n<h3 class=\"wp-block-heading\"><strong>Tipos de Informaci\u00f3n Recaudada<\/strong><\/h3>\n\n\n\n<h4 class=\"wp-block-heading\"><strong>Datos Personales<\/strong><\/h4>\n\n\n\n<p>Mientras se usa Nuestro Servicio, Nosotros pudi\u00e9ramos pedirle a Usted que Nos proporcione cierta informaci\u00f3n personalmente identificable que puede ser usada para contactarle o identificarle a Usted. La informaci\u00f3n personalmente identificable puede incluir, pero no se limita a:<\/p>\n\n\n\n<ul class=\"wp-block-list\">\n<li>Direcci\u00f3n de correo electr\u00f3nico<\/li>\n\n\n\n<li>Nombre y apellido<\/li>\n\n\n\n<li>Datos de Uso<\/li>\n<\/ul>\n\n\n\n<div style=\"color:#ddd\" class=\"wp-block-genesis-blocks-gb-spacer gb-block-spacer gb-divider-solid gb-divider-size-1\"><hr style=\"height:30px\"\/><\/div>\n\n\n\n<h4 class=\"wp-block-heading\"><strong>Datos de Uso<\/strong><\/h4>\n\n\n\n<p>Los Datos de Uso se recaudan autom\u00e1ticamente cuando se usa el Servicio.<\/p>\n\n\n\n<p>Los Datos de Uso pueden incluir informaci\u00f3n como la direcci\u00f3n de Protocolo de Internet de Su Dispositivo (por ejemplo, direcci\u00f3n IP), tipo de navegador, versi\u00f3n de navegador, las p\u00e1ginas de nuestro Servicio que Usted visita, la hora y fecha de Su visita, el tiempo que pas\u00f3 en esas p\u00e1ginas, los identificadores \u00fanicos del dispositivo y otras informaciones de diagn\u00f3stico.<\/p>\n\n\n\n<p>Cuando Usted accede al Servicio por o a trav\u00e9s de un dispositivo m\u00f3vil, Nosotros podemos recaudar autom\u00e1ticamente cierta informaci\u00f3n, incluyendo, pero sin limitarse a, el tipo de dispositivo m\u00f3vil que Usted usa, el identificador o ID \u00fanico de Su dispositivo m\u00f3vil, la direcci\u00f3n IP de Su dispositivo m\u00f3vil, Su sistema operativo m\u00f3vil , el tipo de navegador de Internet m\u00f3vil que Usted usa, los identificadores \u00fanicos del dispositivo y otras informaciones de diagn\u00f3stico.<\/p>\n\n\n\n<p>Tambi\u00e9n, Nosotros podemos recaudar informaci\u00f3n que Su navegador env\u00ede cuando Usted visite nuestro Servicio o cuando Usted acceda al Servicio por o a trav\u00e9s de un dispositivo m\u00f3vil.<\/p>\n\n\n\n<h4 class=\"wp-block-heading\"><strong>Tecnolog\u00edas de Rastreo y Cookies<\/strong><\/h4>\n\n\n\n<p>We use Cookies and similar tracking technologies to track the activity on Our Service and store certain information. Tracking technologies used are beacons, tags, and scripts to collect and track information and to improve and analyze Our Service. The technologies We use may include:<\/p>\n\n\n\n<ul class=\"wp-block-list\">\n<li><strong>Cookies o Cookies del Navegador.<\/strong> Una cookie es un archivo peque\u00f1o colocado en Su Dispositivo. Usted puede indicarle a Su navegador que rechace todas las Cookies o que indique cuando se est\u00e1 enviando una Cookie. Sin embargo, si Usted no acepta Cookies, Usted quiz\u00e1 no podr\u00eda usar algunas partes de nuestro Servicio. A menos de que usted haya ajustado la configuraci\u00f3n de Su navegador para que \u00e9ste rechace Cookies, nuestro Servicio puede usar Cookies.<br><\/li>\n\n\n\n<li><strong>Flash Cookies.<\/strong> Ciertas caracter\u00edsticas de nuestro Servicio pueden usar objetos almacenados localmente (o Flash Cookies) para recaudar y almacenar informaci\u00f3n sobre Sus preferencias o Su Actividad en nuestro Servicio. Las Flash Cookies no son manejadas por la misma configuraci\u00f3n del navegador como las usadas por las Cookies del Navegador. Para obtener m\u00e1s informaci\u00f3n sobre como Usted puede eliminar Flash Cookies, por favor lea \"Where can I change the settings for disabling, or deleting local shared objects?\" que est\u00e1 disponible en <a href=\"https:\/\/helpx.adobe.com\/flash-player\/kb\/disable-local-shared-objects-flash.html%23main_Where_can_I_change_the_settings_for_disabling__or_deleting_local_shared_objects_\">https:\/\/helpx.adobe.com\/flash-player\/kb\/disable-local-shared-objects-flash.html#main_Where_can_I_change_the_settings_for_disabling__or_deleting_local_shared_objects_<\/a><br><\/li>\n\n\n\n<li><strong>Web Beacons.<\/strong> Ciertas secciones de nuestro Servicio y nuestros correos electr\u00f3nicos pueden contener peque\u00f1os archivos electr\u00f3nicos conocidos como web beacons (tambi\u00e9n referidos como gifs transparentes, pixel tags y gifs de un solo pixel)que permiten a la Compa\u00f1\u00eda, por ejemplo, a contar los usuarios que han visitado esas p\u00e1ginas o abierto un correo electr\u00f3nico y para otras estad\u00edsticas relacionadas con el sitio de Internet (Por ejemplo, el registro de la popularidad de una cierta secci\u00f3n y la verificaci\u00f3n del sistema y la integridad del servidor)<\/li>\n<\/ul>\n\n\n\n<div style=\"color:#ddd\" class=\"wp-block-genesis-blocks-gb-spacer gb-block-spacer gb-divider-solid gb-divider-size-1\"><hr style=\"height:30px\"\/><\/div>\n\n\n\n<p>Las Cookies pueden ser Cookies \"Persistentes\" o de \"Sesi\u00f3n\". Las Cookies Persistentes permanecen en Su computadora personal o dispositivo m\u00f3vil cuando Usted est\u00e1 desconectado (offline), mientras que las Cookies de Sesi\u00f3n se eliminan en cuanto Usted cierra Su navegador de Internet. Obtenga m\u00e1s informaci\u00f3n sobre las cookies en el art\u00edculo <a href=\"https:\/\/www.freeprivacypolicy.com\/blog\/sample-privacy-policy-template\/%23Use_Of_Cookies_And_Tracking\">Free Privacy Policy website<\/a> .<\/p>\n\n\n\n<p>Nosotros usamos tanto las Cookies de Sesi\u00f3n como las Cookies Persistentes para los siguientes fines:<\/p>\n\n\n\n<h4 class=\"wp-block-heading\"><strong>Cookies Necesarias \/ Esenciales<\/strong><\/h4>\n\n\n\n<p>Tipo : Cookies de Sesi\u00f3n<br>Administradas por: Nosotros<br>Prop\u00f3sito: Estas Cookies son esenciales para proporcionarle a Usted los servicios disponibles a trav\u00e9s del Sitio de Internet y para permitirle a Usted usar algunas de sus caracter\u00edsticas. Ellas ayudan a autenticar a los usuarios y a prevenir usos fraudulentos de las cuentas de los usuarios. Sin estas Cookies, los servicios que Usted ha solicitado no se pueden proporcionar, y Nosotros s\u00f3lo usamos estas Cookies para proporcionarle a Usted esos servicios.<\/p>\n\n\n\n<h4 class=\"wp-block-heading\"><strong>Pol\u00edtica de Cookies \/ Aviso de Aceptaci\u00f3n de Cookies<\/strong><\/h4>\n\n\n\n<p>Tipo: Cookies Persistentes<br>Administradas por: Nosotros<br>Prop\u00f3sito: Estas Cookies identifican si los usuarios han aceptado el uso de cookies en el Sitio de Internet.<\/p>\n\n\n\n<h4 class=\"wp-block-heading\"><strong>Funcionalidad de las Cookies<\/strong><\/h4>\n\n\n\n<p>Tipo: Cookies Persistentes<br>Administradas por: Nosotros<br>Prop\u00f3sito: Estas Cookies nos permiten recordar las elecciones que Usted hace cuando Usted usa el Sitio de Internet, como recordar sus detalles para ingresar (login) o preferencia de lenguaje. El prop\u00f3sito de estas Cookies es el de proporcionarle a Usted con una experiencia m\u00e1s personalizada y evitarle a Usted que tenga que volver a ingresar sus preferencias cada vez que Usted usa el Sitio de Internet.<\/p>\n\n\n\n<p>Para obtener m\u00e1s informaci\u00f3n sobre las cookies que usamos y sus elecciones sobre cookies, por favor visite nuestra Pol\u00edtica de Cookies o la secci\u00f3n Cookies de nuestra Pol\u00edtica de Privacidad.<\/p>\n\n\n\n<h4 class=\"wp-block-heading\"><strong>Uso de Sus Datos Personales<\/strong><\/h4>\n\n\n\n<p>La Compa\u00f1\u00eda puede usar Datos Personales para los siguientes prop\u00f3sitos:<\/p>\n\n\n\n<p><strong>Para proporcionar y mantener nuestro Servicio<\/strong>, inclusive para monitorear el uso de nuestro Servicio.<\/p>\n\n\n\n<p><strong>Para manejar Su Cuenta:<\/strong> para manejar Su registro como usuario del Servicio. Los Datos Personales que Usted proporciona puede darle a Usted acceso a diferentes funcionalidades del Servicio que est\u00e1n disponible como usuario registrado.<\/p>\n\n\n\n<p><strong>Para la ejecuci\u00f3n de un contrato:<\/strong> el desarrollo, cumplimiento y compromiso del contrato de compra de los productos, art\u00edculos o servicios que Usted ha comprado o de cualquier otro contrato con Nosotros a trav\u00e9s del Servicio.<\/p>\n\n\n\n<p><strong>Para contactarle a Usted:<\/strong> Para contactarle a Usted por correo electr\u00f3nico, llamada telef\u00f3nica, SMS o cualquier otra forma equivalente de comunicaci\u00f3n electr\u00f3nica, tales como el env\u00edo de una notificaci\u00f3n de una aplicaci\u00f3n m\u00f3vil sobre actualizaciones o comunicaciones informativas relacionadas con las funcionalidades, productos o servicios contratados, incluyendo las actualizaciones de seguridad, cuando sea necesario o razonable para su implementaci\u00f3n.<\/p>\n\n\n\n<p><strong>Para proporcionarle a Usted<\/strong> noticias, ofertas especiales e informaci\u00f3n general sobre otros bienes, servicios y eventos los cuales ofrecemos y que son similares a aquellos que usted ya ha comprado o preguntado por ellos a menos que Usted haya optado por no recibir tal informaci\u00f3n.<\/p>\n\n\n\n<p><strong>Para manejar Sus peticiones:<\/strong> Para atender y manejar Sus peticiones a Nosotros.<\/p>\n\n\n\n<p><strong>Para transferencias de negocios:<\/strong> Nosotros podemos usar Su informaci\u00f3n para evaluar o llevar a cabo una fusi\u00f3n, desinversi\u00f3n, restructuraci\u00f3n, reorganizaci\u00f3n, disoluci\u00f3n u otra venta o transferencia de alguno o todos Nuestros activos, ya sea como una preocupaci\u00f3n en marcha o como parte de una bancarrota, liquidaci\u00f3n o procedimiento similar, en el cual los Datos Personales en Nuestra posesi\u00f3n sobre nuestros usuarios del Servicio se encuentren entre los activos transferidos.<\/p>\n\n\n\n<p><strong>Para otros prop\u00f3sitos<\/strong>: Nosotros podemos usar Su informaci\u00f3n para otros prop\u00f3sitos, como an\u00e1lisis de datos, identificaci\u00f3n de tendencias de uso, determinaci\u00f3n de la efectividad de nuestras campa\u00f1as promocionales y para evaluar y mejorar nuestro Servicio, productos, servicios, mercadotecnia y su experiencia.<\/p>\n\n\n\n<p>Nosotros podemos compartir Su informaci\u00f3n personal en las siguientes situaciones:<\/p>\n\n\n\n<ul class=\"wp-block-list\">\n<li><strong>Con Proveedores de Servicio:<\/strong> Para contactarle a Usted, nosotros podemos compartir Su informaci\u00f3n personal con Proveedores de Servicio para monitorear y analizar el uso de nuestro Servicio.<br><\/li>\n\n\n\n<li><strong>Para transferencias de negocios:<\/strong> Nosotros podemos compartir o transferir Su informaci\u00f3n personal en conexi\u00f3n con, o durante negociaciones de, cualquier fusi\u00f3n, venta de activos de la Compa\u00f1\u00eda, financiamiento o adquisici\u00f3n de todos o de una porci\u00f3n de Nuestro negocio a otra compa\u00f1\u00eda.<br><\/li>\n\n\n\n<li><strong>Con Afiliados:<\/strong> Nosotros podemos compartir Su informaci\u00f3n con Nuestros afiliados, en cuyo caso requeriremos que esos afiliados respeten y sigan esta Pol\u00edtica de Privacidad. Los afiliados incluyen a Nuestra compa\u00f1\u00eda matriz y a cualquier otra subsidiaria, socios de empresas conjuntas u otras compa\u00f1\u00edas que Nosotros controlamos o que est\u00e1n bajo el control com\u00fan con Nosotros.<br><\/li>\n\n\n\n<li><strong>Con socios de negocios:<\/strong> Nosotros podemos revelar Su informaci\u00f3n personal para cualquier otro prop\u00f3sito con Su consentimiento.<br><\/li>\n\n\n\n<li><strong>Con otros usuarios:<\/strong> Cuando Usted comparte informaci\u00f3n personal o interact\u00faa de otra manera en las \u00e1reas p\u00fablicas con otros usuarios, dicha informaci\u00f3n puede ser vista por todos los usuarios y puede ser distribuida p\u00fablicamente al exterior.<br><\/li>\n\n\n\n<li><strong>Con Su consentimiento<\/strong>: Nosotros podemos revelar Su informaci\u00f3n personal para cualquier otro prop\u00f3sito con Su consentimiento.<\/li>\n<\/ul>\n\n\n\n<div style=\"color:#ddd\" class=\"wp-block-genesis-blocks-gb-spacer gb-block-spacer gb-divider-solid gb-divider-size-1\"><hr style=\"height:30px\"\/><\/div>\n\n\n\n<h4 class=\"wp-block-heading\"><strong>Retenci\u00f3n de Sus Datos Personales<\/strong><\/h4>\n\n\n\n<p>La Compa\u00f1\u00eda s\u00f3lo retendr\u00e1 Sus Datos Personales por el tiempo que sea necesario para los prop\u00f3sitos establecidos en esta Pol\u00edtica de Privacidad. Nosotros retendremos y usaremos Sus Datos Personales seg\u00fan sea necesario para cumplir con nuestras obligaciones legales (por ejemplo, si se nos requiere retener su informaci\u00f3n para cumplir con las leyes aplicables), resolver disputas y hacer cumplir nuestros acuerdos y pol\u00edticas legales.<\/p>\n\n\n\n<p>La Compa\u00f1\u00eda tambi\u00e9n retendr\u00e1 los Datos de Uso con fines de an\u00e1lisis internos. Los Datos de Uso se retienen generalmente por un periodo de tiempo m\u00e1s corto, excepto cuando esta informaci\u00f3n se usa para fortalecer la seguridad o para mejorar la funcionalidad de Nuestro Servicio, o Nosotros estamos legalmente obligados para retener esta informaci\u00f3n por periodos de tiempo m\u00e1s largos.<\/p>\n\n\n\n<h4 class=\"wp-block-heading\"><strong>Transferencia de Sus Datos Personales<\/strong><\/h4>\n\n\n\n<p>Su informaci\u00f3n, incluyendo los Datos Personales, es procesada en las oficinas operadoras de la Compa\u00f1\u00eda y en cualquiera otros lugares donde se localicen las entidades involucradas en el proceso. Esto significa que esta informaci\u00f3n puede ser transferida a - y mantenida en- computadoras localizadas fuera de Su estado, provincia, pa\u00eds o cualquier otra jurisdicci\u00f3n gubernamental donde las leyes de protecci\u00f3n de la informaci\u00f3n pudieran ser diferentes que las de Su jurisdicci\u00f3n.<\/p>\n\n\n\n<p>Su consentimiento a esta Pol\u00edtica de Privacidad seguido de Su sometimiento a dicha informaci\u00f3n representa Su acuerdo con esa transferencia.<\/p>\n\n\n\n<p>La Compa\u00f1\u00eda tomar\u00e1 todas las medidas razonablemente necesarias para asegurarse de que Su informaci\u00f3n sea tratada de manera segura y de acuerdo con esta Pol\u00edtica de Privacidad y no se realizar\u00e1 ninguna transferencia de Sus Datos Personales a una organizaci\u00f3n o pa\u00eds a menos que existan los controles adecuados, incluyendo la seguridad de Su informaci\u00f3n y otra informaci\u00f3n personal.<\/p>\n\n\n\n<h3 class=\"wp-block-heading\"><strong>Divulgaci\u00f3n de Sus Datos Personales<\/strong><\/h3>\n\n\n\n<h4 class=\"wp-block-heading\"><strong>Transacciones de Negocios<\/strong><\/h4>\n\n\n\n<p>Si la Compa\u00f1\u00eda se ve envuelta en una fusi\u00f3n, adquisici\u00f3n o venta de activos, Sus Datos Personales pueden ser transferidos. Nosotros le notificaremos antes de que Sus Datos Personales sean transferidos y est\u00e9n sujetos a una Pol\u00edtica de Privacidad diferente.<\/p>\n\n\n\n<h4 class=\"wp-block-heading\"><strong>Aplicaci\u00f3n de la ley<\/strong><\/h4>\n\n\n\n<p>Bajo ciertas circunstancias, la Compa\u00f1\u00eda puede estar obligada a divulgar Sus Datos Personales si as\u00ed lo requiere la ley o como respuesta a solicitudes v\u00e1lidas de autoridades p\u00fablicas (por ejemplo, una corte o una agencia gubernamental)<\/p>\n\n\n\n<h4 class=\"wp-block-heading\"><strong>Otros requisitos legales<\/strong><\/h4>\n\n\n\n<p>La Compa\u00f1\u00eda puede divulgar Sus Datos Personales de buena fe bajo la creencia de que dicha acci\u00f3n sea necesaria para:<\/p>\n\n\n\n<ul class=\"wp-block-list\">\n<li>Cumplir con una obligaci\u00f3n legal<br><\/li>\n\n\n\n<li>Proteger y defender los derechos o la propiedad de la Compa\u00f1\u00eda<br><\/li>\n\n\n\n<li>Prevenir o investigar posibles irregularidades en conexi\u00f3n con el Servicio<br><\/li>\n\n\n\n<li>Proteger la seguridad personal de los Usuarios del Servicio o del p\u00fablico<br><\/li>\n\n\n\n<li>Proteger contra la responsabilidad legal<\/li>\n<\/ul>\n\n\n\n<div style=\"color:#ddd\" class=\"wp-block-genesis-blocks-gb-spacer gb-block-spacer gb-divider-solid gb-divider-size-1\"><hr style=\"height:30px\"\/><\/div>\n\n\n\n<h4 class=\"wp-block-heading\"><strong>Seguridad de Sus Datos Personales<\/strong><\/h4>\n\n\n\n<p>The security of Your Personal Data is important to Us, but remember that no method of transmission over the Internet, or method of electronic storage is 100% secure. While We strive to use commercially acceptable means to protect Your Personal Data, We cannot guarantee its absolute security.<\/p>\n\n\n\n<h2 class=\"wp-block-heading\">Privacidad Infantil<\/h2>\n\n\n\n<p>Nuestro Servicio no est\u00e1 dirigido a ninguna persona menor de 13 a\u00f1os. No recaudamos a sabiendas informaci\u00f3n de identificaci\u00f3n personal de ninguna persona menor de 13 a\u00f1os. Si Usted es padre, madre o tutor y Usted est\u00e1 consciente de que Su hijo o hija nos ha proporcionado Datos Personales, por favor cont\u00e1ctenos. Si Nosotros nos damos cuenta de que Nosotros hemos recaudado Datos Personales de alguien menor a los 13 a\u00f1os sin la verificaci\u00f3n del consentimiento de sus padres, Nosotros removeremos esa informaci\u00f3n de Nuestros servidores.<\/p>\n\n\n\n<p>Si Nosotros tenemos que basarnos en un consentimiento como base legal para procesar Su informaci\u00f3n y Su pa\u00eds requiere el consentimiento de un padre o madre, Nosotros podemos requerir el consentimiento de Sus padres antes de que Nosotros recaudemos y usemos esa informaci\u00f3n.<\/p>\n\n\n\n<h2 class=\"wp-block-heading\">Ligas a Otros Sitios de Internet<\/h2>\n\n\n\n<p>Nuestro Servicio puede contener ligas a otros sitios de Internet que no son operados por Nosotros. Si Usted hace clic en la liga de un tercero, Usted ser\u00e1 conducido al sitio de ese tercero. Nosotros le aconsejamos enf\u00e1ticamente que Usted revise la Pol\u00edtica de Privacidad de cada sitio que Usted visite.<\/p>\n\n\n\n<p>Nosotros no tenemos control ni asumimos responsabilidad por el contenido, las pol\u00edticas de privacidad o las pr\u00e1cticas de los sitios o servicios de terceros.<\/p>\n\n\n\n<h2 class=\"wp-block-heading\">Cambios a esta Pol\u00edtica de Privacidad<\/h2>\n\n\n\n<p>Nosotros podemos actualizar Nuestra Pol\u00edtica de Privacidad de vez en cuando. Nosotros le notificaremos a Usted de cualquier cambio a trav\u00e9s de la publicaci\u00f3n de la nueva Pol\u00edtica de Privacidad en esta p\u00e1gina.<\/p>\n\n\n\n<p>Nosotros le informaremos a Usted a trav\u00e9s de correo electr\u00f3nico y\/o un aviso destacado en Nuestro Servicio, antes de que el cambio sea efectivo y actualizaremos la fecha de la \"\u00daltima actualizaci\u00f3n\" en la parte superior de esta Pol\u00edtica de Privacidad.<\/p>\n\n\n\n<p>Le recomendamos que revise esta Pol\u00edtica de Privacidad peri\u00f3dicamente para enterarse de cualquier cambio. Los cambios a esta Pol\u00edtica de Privacidad son efectivos cuando se publican en esta p\u00e1gina.<\/p>\n\n\n\n<h2 class=\"wp-block-heading\" id=\"contact-us\">Cont\u00e1ctenos<\/h2>\n\n\n\n<p>Si tiene cualquier pregunta sobre esta Pol\u00edtica de Privacidad, Usted puede contactarnos:<\/p>\n\n\n\n<div class=\"forminator-guttenberg\"><form id=\"forminator-module-224\" class=\"forminator-custom-form forminator-custom-form-224\" method=\"post\" data-forminator-render=\"0\" data-uid=\"69dcaa778bc82\" action=\"\"><div role=\"alert\" aria-live=\"polite\" class=\"forminator-response-message forminator-error\" aria-hidden=\"true\"><\/div><input type=\"hidden\" name=\"trp-form-language\" value=\"es\"\/><\/form><\/div>\n<\/div><\/div><\/div>","protected":false},"excerpt":{"rendered":"","protected":false},"author":2,"featured_media":0,"parent":0,"menu_order":0,"comment_status":"closed","ping_status":"closed","template":"","meta":{"_acf_changed":false,"footnotes":""},"class_list":["post-3","page","type-page","status-publish","hentry"],"acf":[],"featured_image_src":null,"featured_image_src_square":null,"_links":{"self":[{"href":"https:\/\/portexasparatodos.org\/es\/wp-json\/wp\/v2\/pages\/3","targetHints":{"allow":["GET"]}}],"collection":[{"href":"https:\/\/portexasparatodos.org\/es\/wp-json\/wp\/v2\/pages"}],"about":[{"href":"https:\/\/portexasparatodos.org\/es\/wp-json\/wp\/v2\/types\/page"}],"author":[{"embeddable":true,"href":"https:\/\/portexasparatodos.org\/es\/wp-json\/wp\/v2\/users\/2"}],"replies":[{"embeddable":true,"href":"https:\/\/portexasparatodos.org\/es\/wp-json\/wp\/v2\/comments?post=3"}],"version-history":[{"count":0,"href":"https:\/\/portexasparatodos.org\/es\/wp-json\/wp\/v2\/pages\/3\/revisions"}],"wp:attachment":[{"href":"https:\/\/portexasparatodos.org\/es\/wp-json\/wp\/v2\/media?parent=3"}],"curies":[{"name":"wp","href":"https:\/\/api.w.org\/{rel}","templated":true}]}}